{"id":9728,"date":"2024-09-05T00:55:50","date_gmt":"2024-09-04T21:55:50","guid":{"rendered":"http:\/\/www.artkiy.boostwebtasarim.com.tr\/?page_id=9728"},"modified":"2024-10-31T17:55:37","modified_gmt":"2024-10-31T14:55:37","slug":"sustainability","status":"publish","type":"page","link":"https:\/\/artkiy.com.tr\/tr\/sustainability\/","title":{"rendered":"S\u00fcrd\u00fcr\u00fclebilirlik"},"content":{"rendered":"<div data-elementor-type=\"wp-page\" data-elementor-id=\"9728\" class=\"elementor elementor-9728\">\n\t\t\t\t<div class=\"eltdf-row-with-borders eltdf-row-borders-left-right\"><div class=\"eltdf-row-border-top\" ><\/div><div class=\"eltdf-row-border-bottom\" ><\/div><div class=\"eltdf-row-border-left\" style=\"left:124px\"><\/div><div class=\"eltdf-row-border-right\" style=\"right:124px\"><\/div>\t\t<section class=\"elementor-section elementor-top-section elementor-element elementor-element-ae102d2 elementor-section-full_width elementor-section-height-default elementor-section-height-default eltdf-parallax-row-no eltdf-content-aligment-left eltdf-elementor-row-grid-no eltdf-disabled-bg-image-bellow-no\" data-id=\"ae102d2\" data-element_type=\"section\">\n\t\t\t\t\t\t<div class=\"elementor-container elementor-column-gap-default\">\n\t\t\t\t\t<div class=\"elementor-column elementor-col-100 elementor-top-column elementor-element elementor-element-824f5ad\" data-id=\"824f5ad\" data-element_type=\"column\">\n\t\t\t<div class=\"elementor-widget-wrap elementor-element-populated\">\n\t\t\t\t\t\t<div class=\"elementor-element elementor-element-e885a18 elementor-widget elementor-widget-slider_revolution\" data-id=\"e885a18\" data-element_type=\"widget\" data-widget_type=\"slider_revolution.default\">\n\t\t\t\t<div class=\"elementor-widget-container\">\n\t\t\t\t\t\n\t\t<div class=\"wp-block-themepunch-revslider\">\n\t\t\t<!-- START Sustainbility REVOLUTION SLIDER 6.7.36 --><p class=\"rs-p-wp-fix\"><\/p>\n\t\t\t<rs-module-wrap id=\"rev_slider_15_1_wrapper\" data-source=\"gallery\" style=\"visibility:hidden;background:transparent;padding:0;margin:0px auto;margin-top:0;margin-bottom:0;\">\n\t\t\t\t<rs-module id=\"rev_slider_15_1\" style=\"\" data-version=\"6.7.36\">\n\t\t\t\t\t<rs-slides style=\"overflow: hidden; position: absolute;\">\n\t\t\t\t\t\t<rs-slide style=\"position: absolute;\" data-key=\"rs-28\" data-title=\"Slide\" data-anim=\"adpr:false;\" data-in=\"o:0;\" data-out=\"a:false;\">\n\t\t\t\t\t\t\t<img fetchpriority=\"high\" decoding=\"async\" src=\"\/\/artkiy.com.tr\/wp-content\/plugins\/revslider\/sr6\/assets\/assets\/dummy.png\" alt=\"\" title=\"Group 402\" width=\"1920\" height=\"638\" class=\"rev-slidebg tp-rs-img rs-lazyload\" data-lazyload=\"\/\/artkiy.com.tr\/wp-content\/uploads\/2024\/09\/Group-402.png\" data-no-retina>\n<!--\n\t\t\t\t\t\t\t--><rs-layer\n\t\t\t\t\t\t\t\tid=\"slider-15-slide-28-layer-4\" \n\t\t\t\t\t\t\t\tdata-type=\"image\"\n\t\t\t\t\t\t\t\tdata-xy=\"x:c;xo:-62px,-62px,-62px,-61px;y:m;yo:-6px,-6px,-6px,-18px;\"\n\t\t\t\t\t\t\t\tdata-text=\"l:22;a:inherit;\"\n\t\t\t\t\t\t\t\tdata-dim=\"w:2091px,2091px,2885px,2885px;h:1394px,1394px,959px,959px;\"\n\t\t\t\t\t\t\t\tdata-basealign=\"slide\"\n\t\t\t\t\t\t\t\tdata-rsp_o=\"off\"\n\t\t\t\t\t\t\t\tdata-rsp_bd=\"off\"\n\t\t\t\t\t\t\t\tdata-frame_1=\"st:500;sp:1200;sR:500;\"\n\t\t\t\t\t\t\t\tdata-frame_999=\"o:0;st:w;sR:1300;\"\n\t\t\t\t\t\t\t\tstyle=\"z-index:5;cursor:pointer;\"\n\t\t\t\t\t\t\t><img decoding=\"async\" src=\"\/\/artkiy.com.tr\/wp-content\/plugins\/revslider\/sr6\/assets\/assets\/dummy.png\" alt=\"\" class=\"tp-rs-img rs-lazyload\" width=\"2560\" height=\"1707\" data-lazyload=\"\/\/artkiy.com.tr\/wp-content\/uploads\/2025\/11\/SPRK4709-scaled.jpeg\" data-no-retina> \n\t\t\t\t\t\t\t<\/rs-layer><!--\n\n\t\t\t\t\t\t\t--><rs-layer\n\t\t\t\t\t\t\t\tid=\"slider-15-slide-28-layer-5\" \n\t\t\t\t\t\t\t\tdata-type=\"text\"\n\t\t\t\t\t\t\t\tdata-rsp_ch=\"on\"\n\t\t\t\t\t\t\t\tdata-xy=\"x:c;y:m;yo:22px,19px,-9px,-10px;\"\n\t\t\t\t\t\t\t\tdata-text=\"w:nowrap,nowrap,nowrap,normal;s:60;l:120,120,120,88;a:inherit,inherit,inherit,center;\"\n\t\t\t\t\t\t\t\tdata-dim=\"w:auto,auto,auto,405px;\"\n\t\t\t\t\t\t\t\tdata-frame_0=\"y:50px;\"\n\t\t\t\t\t\t\t\tdata-frame_1=\"st:600;sp:800;sR:600;\"\n\t\t\t\t\t\t\t\tdata-frame_999=\"o:0;st:w;sR:1600;\"\n\t\t\t\t\t\t\t\tstyle=\"z-index:6;font-family:'Old Standard TT';cursor:pointer;\"\n\t\t\t\t\t\t\t>S\u00fcrd\u00fcr\u00fclebilirlik \n\t\t\t\t\t\t\t<\/rs-layer><!--\n-->\t\t\t\t\t<\/rs-slide>\n\t\t\t\t\t<\/rs-slides>\n\t\t\t\t<\/rs-module>\n\t\t\t\t<script>\n\t\t\t\t\tsetREVStartSize({c: 'rev_slider_15_1',rl:[1240,1024,778,480],el:[632,550,650,700],gw:[1920,1441,778,480],gh:[632,550,650,700],type:'standard',justify:'',layout:'fullwidth',mh:\"0\"});if (window.RS_MODULES!==undefined && window.RS_MODULES.modules!==undefined && window.RS_MODULES.modules[\"revslider151\"]!==undefined) {window.RS_MODULES.modules[\"revslider151\"].once = false;window.revapi15 = undefined;if (window.RS_MODULES.checkMinimal!==undefined) window.RS_MODULES.checkMinimal()}\n\t\t\t\t<\/script>\n\t\t\t<\/rs-module-wrap>\n\t\t\t<!-- END REVOLUTION SLIDER -->\n<\/div>\n\n\t\t\t\t\t\t<\/div>\n\t\t\t\t<\/div>\n\t\t\t\t\t<\/div>\n\t\t<\/div>\n\t\t\t\t\t<\/div>\n\t\t<\/section>\n\t\t<\/div><div class=\"eltdf-row-with-borders eltdf-row-borders-left-right\"><div class=\"eltdf-row-border-top\" ><\/div><div class=\"eltdf-row-border-bottom\" ><\/div><div class=\"eltdf-row-border-left\" style=\"left:124px\"><\/div><div class=\"eltdf-row-border-right\" style=\"right:124px\"><\/div>\t\t<section class=\"elementor-section elementor-top-section elementor-element elementor-element-51d0058 eltdf-elementor-row-grid-section elementor-section-full_width elementor-section-height-default elementor-section-height-default eltdf-parallax-row-no eltdf-content-aligment-left eltdf-disabled-bg-image-bellow-no\" data-id=\"51d0058\" data-element_type=\"section\" data-settings=\"{&quot;background_background&quot;:&quot;classic&quot;}\">\n\t\t\t\t\t\t<div class=\"elementor-container elementor-column-gap-default\">\n\t\t\t\t\t<div class=\"elementor-column elementor-col-100 elementor-top-column elementor-element elementor-element-c7265e4\" data-id=\"c7265e4\" data-element_type=\"column\">\n\t\t\t<div class=\"elementor-widget-wrap elementor-element-populated\">\n\t\t\t\t\t\t<div class=\"elementor-element elementor-element-45e079a elementor-widget__width-initial elementor-widget elementor-widget-eltdf_section_title\" data-id=\"45e079a\" data-element_type=\"widget\" data-widget_type=\"eltdf_section_title.default\">\n\t\t\t\t<div class=\"elementor-widget-container\">\n\t\t\t\t\t<div class=\"eltdf-section-title-holder  eltdf-st-standard eltdf-st-title-left eltdf-st-normal-space\" style=\"text-align: left\">\n\t<div class=\"eltdf-st-inner\">\n\t\t\n        \t\t\t<p class=\"eltdf-st-subtitle\" style=\"color: #9D9D9D\">\n\t\t\t\tS\u00fcrd\u00fcr\u00fclebilirlik\t\t\t<\/p>\n\t\t\n\t\t\t\t\t<\/div>\n<\/div>\t\t\t\t<\/div>\n\t\t\t\t<\/div>\n\t\t\t\t<div class=\"elementor-element elementor-element-749981d elementor-widget elementor-widget-eltdf_custom_font\" data-id=\"749981d\" data-element_type=\"widget\" data-widget_type=\"eltdf_custom_font.default\">\n\t\t\t\t<div class=\"elementor-widget-container\">\n\t\t\t\t\t<p class=\"eltdf-custom-font-holder  eltdf-cf-2040\" style=\"font-weight: 400\" data-item-class=\"eltdf-cf-2040\">\n\tArtk\u0131y, geleneksel el i\u015f\u00e7ili\u011fini onurland\u0131rmaya devam ederken, yeni makine teknolojilerini ve\ns\u00fcrd\u00fcr\u00fclebilir malzemeleri de benimsemektedir. \u015eirket olarak, y\u00fcksek kaliteli pazarlara daha\nsorumlu bir \u015fekilde \u00fcretim yapmaya kararl\u0131y\u0131z ve s\u00fcrd\u00fcr\u00fclebilirlik konusunda fark\u0131ndal\u0131k yaratma\nile sekt\u00f6r\u00fcm\u00fcz\u00fcn \u00e7al\u0131\u015fmalar\u0131n\u0131 anlama \u00e7abalar\u0131n\u0131 payla\u015fan i\u015f ortaklar\u0131yla i\u015f birli\u011fi yapmaktay\u0131z.<\/p>\t\t\t\t<\/div>\n\t\t\t\t<\/div>\n\t\t\t\t<div class=\"elementor-element elementor-element-1aa6dbc elementor-widget elementor-widget-eltdf_custom_font\" data-id=\"1aa6dbc\" data-element_type=\"widget\" data-widget_type=\"eltdf_custom_font.default\">\n\t\t\t\t<div class=\"elementor-widget-container\">\n\t\t\t\t\t<p class=\"eltdf-custom-font-holder  eltdf-cf-8248\" style=\"font-weight: 400\" data-item-class=\"eltdf-cf-8248\">\n\tTedarik zincirimizi y\u00f6netirken, Leather Working Group taraf\u0131ndan onayl\u0131 tabakhaneleri\ndestekliyoruz. \u00dcretim s\u00fcrecimizi minimum at\u0131kla ger\u00e7ekle\u015ftiriyor ve geri d\u00f6n\u00fc\u015f\u00fcm\u00fc te\u015fvik\nediyoruz. Ayr\u0131ca, yenilenebilir enerji kullan\u0131m\u0131n\u0131 art\u0131rmaya y\u00f6nelik projeler geli\u015ftiriyoruz.<\/p>\t\t\t\t<\/div>\n\t\t\t\t<\/div>\n\t\t\t\t<div class=\"elementor-element elementor-element-6189666 elementor-widget elementor-widget-eltdf_custom_font\" data-id=\"6189666\" data-element_type=\"widget\" data-widget_type=\"eltdf_custom_font.default\">\n\t\t\t\t<div class=\"elementor-widget-container\">\n\t\t\t\t\t<p class=\"eltdf-custom-font-holder  eltdf-cf-4239\" style=\"font-weight: 400\" data-item-class=\"eltdf-cf-4239\">\n\tArtk\u0131y olarak, t\u00fcm \u00e7al\u0131\u015fanlar\u0131m\u0131z\u0131 hem i\u015f yerinde hem de toplumda sayg\u0131l\u0131 bireyler olmaya te\u015fvik\nediyoruz. Cinsiyet, din ve ya\u015f ayr\u0131m\u0131 yapmaks\u0131z\u0131n herkese e\u015fit davran\u0131lmas\u0131 konusunda s\u0131f\u0131r\ntolerans politikas\u0131 uyguluyoruz. \u00c7al\u0131\u015fanlar\u0131m\u0131za g\u00fcvenli, hijyenik ve do\u011fayla uyumlu bir \u00e7al\u0131\u015fma\nortam\u0131 sunman\u0131n yan\u0131 s\u0131ra, ihtiya\u00e7lar\u0131 ve refahlar\u0131 i\u00e7in de ekstra destek sa\u011fl\u0131yoruz.<\/p>\t\t\t\t<\/div>\n\t\t\t\t<\/div>\n\t\t\t\t\t<\/div>\n\t\t<\/div>\n\t\t\t\t\t<\/div>\n\t\t<\/section>\n\t\t<\/div><div class=\"eltdf-row-with-borders eltdf-row-borders-all-overflow\"><div class=\"eltdf-row-border-top\" style=\"background-color:#ECE8E5\"><\/div><div class=\"eltdf-row-border-bottom\" style=\"background-color:#ECE8E5\"><\/div><div class=\"eltdf-row-border-left\" style=\"background-color:#ECE8E5;left:124px\"><\/div><div class=\"eltdf-row-border-right\" style=\"background-color:#ECE8E5;right:124px\"><\/div>\t\t<section class=\"elementor-section elementor-top-section elementor-element elementor-element-d4bf0cd elementor-section-full_width eltdf-elementor-row-grid-section elementor-section-height-default elementor-section-height-default eltdf-parallax-row-no eltdf-content-aligment-left eltdf-disabled-bg-image-bellow-no\" data-id=\"d4bf0cd\" data-element_type=\"section\" data-settings=\"{&quot;background_background&quot;:&quot;classic&quot;}\">\n\t\t\t\t\t\t<div class=\"elementor-container elementor-column-gap-default\">\n\t\t\t\t\t<div class=\"elementor-column elementor-col-33 elementor-top-column elementor-element elementor-element-9d62b6a\" data-id=\"9d62b6a\" data-element_type=\"column\">\n\t\t\t<div class=\"elementor-widget-wrap elementor-element-populated\">\n\t\t\t\t\t\t<div class=\"elementor-element elementor-element-786b0c6 elementor-widget elementor-widget-image\" data-id=\"786b0c6\" data-element_type=\"widget\" data-widget_type=\"image.default\">\n\t\t\t\t<div class=\"elementor-widget-container\">\n\t\t\t\t\t\t\t\t\t\t\t\t\t\t\t<img decoding=\"async\" width=\"181\" height=\"61\" src=\"https:\/\/artkiy.com.tr\/wp-content\/uploads\/2024\/09\/artkiy-logo.png\" class=\"attachment-large size-large wp-image-9873\" alt=\"\" \/>\t\t\t\t\t\t\t\t\t\t\t\t\t\t\t<\/div>\n\t\t\t\t<\/div>\n\t\t\t\t\t<\/div>\n\t\t<\/div>\n\t\t\t\t<div class=\"elementor-column elementor-col-33 elementor-top-column elementor-element elementor-element-0d6795d\" data-id=\"0d6795d\" data-element_type=\"column\">\n\t\t\t<div class=\"elementor-widget-wrap elementor-element-populated\">\n\t\t\t\t<div class=\"elementor-element elementor-element-cbebd37 e-grid e-con-boxed e-con e-parent\" data-id=\"cbebd37\" data-element_type=\"container\">\n\t\t\t\t\t<div class=\"e-con-inner\">\n\t\t\t\t<div class=\"elementor-element elementor-element-c0e1440 elementor-widget elementor-widget-text-editor\" data-id=\"c0e1440\" data-element_type=\"widget\" data-widget_type=\"text-editor.default\">\n\t\t\t\t<div class=\"elementor-widget-container\">\n\t\t\t\t\t\t\t\t\t<p><a href=\"https:\/\/artkiy.com.tr\/tr\/about-us\/\">HAKKIMIZDA<\/a><\/p>\t\t\t\t\t\t\t\t<\/div>\n\t\t\t\t<\/div>\n\t\t\t\t<div class=\"elementor-element elementor-element-6a7c5ac elementor-widget elementor-widget-text-editor\" data-id=\"6a7c5ac\" data-element_type=\"widget\" data-widget_type=\"text-editor.default\">\n\t\t\t\t<div class=\"elementor-widget-container\">\n\t\t\t\t\t\t\t\t\t<p><a href=\"https:\/\/artkiy.com.tr\/tr\/services\/\">SERV\u0130SLER\u0130M\u0130Z<\/a><\/p>\t\t\t\t\t\t\t\t<\/div>\n\t\t\t\t<\/div>\n\t\t\t\t<div class=\"elementor-element elementor-element-63d04f9 elementor-widget elementor-widget-text-editor\" data-id=\"63d04f9\" data-element_type=\"widget\" data-widget_type=\"text-editor.default\">\n\t\t\t\t<div class=\"elementor-widget-container\">\n\t\t\t\t\t\t\t\t\t<p><a href=\"https:\/\/artkiy.com.tr\/tr\/sustainability\/\">S\u00dcRD\u00dcR\u00dcLEB\u0130L\u0130RL\u0130K<\/a><\/p>\t\t\t\t\t\t\t\t<\/div>\n\t\t\t\t<\/div>\n\t\t\t\t<div class=\"elementor-element elementor-element-e9a733c elementor-widget elementor-widget-text-editor\" data-id=\"e9a733c\" data-element_type=\"widget\" data-widget_type=\"text-editor.default\">\n\t\t\t\t<div class=\"elementor-widget-container\">\n\t\t\t\t\t\t\t\t\t<p><a href=\"https:\/\/artkiy.com.tr\/tr\/contact\/\">\u0130LET\u0130\u015e\u0130M<\/a><\/p>\t\t\t\t\t\t\t\t<\/div>\n\t\t\t\t<\/div>\n\t\t\t\t\t<\/div>\n\t\t\t\t<\/div>\n\t\t\t\t<div class=\"elementor-element elementor-element-5beaada elementor-widget-divider--view-line elementor-widget elementor-widget-divider\" data-id=\"5beaada\" data-element_type=\"widget\" data-widget_type=\"divider.default\">\n\t\t\t\t<div class=\"elementor-widget-container\">\n\t\t\t\t\t\t\t<div class=\"elementor-divider\">\n\t\t\t<span class=\"elementor-divider-separator\">\n\t\t\t\t\t\t<\/span>\n\t\t<\/div>\n\t\t\t\t\t\t<\/div>\n\t\t\t\t<\/div>\n\t\t<div class=\"elementor-element elementor-element-f006308 e-grid e-con-boxed e-con e-parent\" data-id=\"f006308\" data-element_type=\"container\">\n\t\t\t\t\t<div class=\"e-con-inner\">\n\t\t\t\t<div class=\"elementor-element elementor-element-ff9656a elementor-widget elementor-widget-text-editor\" data-id=\"ff9656a\" data-element_type=\"widget\" data-widget_type=\"text-editor.default\">\n\t\t\t\t<div class=\"elementor-widget-container\">\n\t\t\t\t\t\t\t\t\t<p><a href=\"https:\/\/artkiy.com.tr\/tr\/privacy-policy\/\">Privacy Policies<\/a>\u00a0\/\u00a0<a href=\"https:\/\/artkiy.com.tr\/tr\/terms-conditions\/\">\u015eartlar ve Ko\u015fullar<\/a><\/p>\t\t\t\t\t\t\t\t<\/div>\n\t\t\t\t<\/div>\n\t\t\t\t\t<\/div>\n\t\t\t\t<\/div>\n\t\t\t\t\t<\/div>\n\t\t<\/div>\n\t\t\t\t<div class=\"elementor-column elementor-col-33 elementor-top-column elementor-element elementor-element-377e747\" data-id=\"377e747\" data-element_type=\"column\">\n\t\t\t<div class=\"elementor-widget-wrap elementor-element-populated\">\n\t\t\t\t<div class=\"elementor-element elementor-element-328febf e-grid e-con-boxed e-con e-parent\" data-id=\"328febf\" data-element_type=\"container\">\n\t\t\t\t\t<div class=\"e-con-inner\">\n\t\t\t\t<div class=\"elementor-element elementor-element-52fc84a elementor-widget elementor-widget-image\" data-id=\"52fc84a\" data-element_type=\"widget\" data-widget_type=\"image.default\">\n\t\t\t\t<div class=\"elementor-widget-container\">\n\t\t\t\t\t\t\t\t\t\t\t\t\t\t\t\t<a href=\"https:\/\/www.instagram.com\/artkiyleathergoods\/\">\n\t\t\t\t\t\t\t<img loading=\"lazy\" decoding=\"async\" width=\"200\" height=\"200\" src=\"https:\/\/artkiy.com.tr\/wp-content\/uploads\/2024\/09\/ig.svg\" class=\"attachment-large size-large wp-image-9990\" alt=\"\" \/>\t\t\t\t\t\t\t\t<\/a>\n\t\t\t\t\t\t\t\t\t\t\t\t\t\t\t<\/div>\n\t\t\t\t<\/div>\n\t\t\t\t<div class=\"elementor-element elementor-element-2c71269 elementor-widget elementor-widget-image\" data-id=\"2c71269\" data-element_type=\"widget\" data-widget_type=\"image.default\">\n\t\t\t\t<div class=\"elementor-widget-container\">\n\t\t\t\t\t\t\t\t\t\t\t\t\t\t\t\t<a href=\"https:\/\/www.linkedin.com\/company\/artkiy-leathergoods\/\">\n\t\t\t\t\t\t\t<img loading=\"lazy\" decoding=\"async\" width=\"200\" height=\"200\" src=\"https:\/\/artkiy.com.tr\/wp-content\/uploads\/2024\/09\/Vector.svg\" class=\"attachment-large size-large wp-image-9992\" alt=\"\" \/>\t\t\t\t\t\t\t\t<\/a>\n\t\t\t\t\t\t\t\t\t\t\t\t\t\t\t<\/div>\n\t\t\t\t<\/div>\n\t\t\t\t\t<\/div>\n\t\t\t\t<\/div>\n\t\t\t\t\t<\/div>\n\t\t<\/div>\n\t\t\t\t\t<\/div>\n\t\t<\/section>\n\t\t<\/div>\t\t<\/div>","protected":false},"excerpt":{"rendered":"<p>Sustainability Artk\u0131y continues to honour its traditional craftsmanship while embracing new technologies in machinery and sustainable materials. The company is committed to producing more responsibly for high-quality markets, cooperating with partners who share an interest in creating awareness about sustainability [&hellip;]<\/p>","protected":false},"author":1,"featured_media":0,"parent":0,"menu_order":0,"comment_status":"closed","ping_status":"closed","template":"full-width.php","meta":{"footnotes":""},"class_list":["post-9728","page","type-page","status-publish","hentry"],"_links":{"self":[{"href":"https:\/\/artkiy.com.tr\/tr\/wp-json\/wp\/v2\/pages\/9728","targetHints":{"allow":["GET"]}}],"collection":[{"href":"https:\/\/artkiy.com.tr\/tr\/wp-json\/wp\/v2\/pages"}],"about":[{"href":"https:\/\/artkiy.com.tr\/tr\/wp-json\/wp\/v2\/types\/page"}],"author":[{"embeddable":true,"href":"https:\/\/artkiy.com.tr\/tr\/wp-json\/wp\/v2\/users\/1"}],"replies":[{"embeddable":true,"href":"https:\/\/artkiy.com.tr\/tr\/wp-json\/wp\/v2\/comments?post=9728"}],"version-history":[{"count":53,"href":"https:\/\/artkiy.com.tr\/tr\/wp-json\/wp\/v2\/pages\/9728\/revisions"}],"predecessor-version":[{"id":10955,"href":"https:\/\/artkiy.com.tr\/tr\/wp-json\/wp\/v2\/pages\/9728\/revisions\/10955"}],"wp:attachment":[{"href":"https:\/\/artkiy.com.tr\/tr\/wp-json\/wp\/v2\/media?parent=9728"}],"curies":[{"name":"wp","href":"https:\/\/api.w.org\/{rel}","templated":true}]}}