{"id":481,"date":"2018-07-09T08:57:09","date_gmt":"2018-07-09T08:57:09","guid":{"rendered":"https:\/\/sahel.qodeinteractive.com\/elementor\/?page_id=481"},"modified":"2018-07-09T08:57:09","modified_gmt":"2018-07-09T08:57:09","slug":"get-in-touch","status":"publish","type":"page","link":"https:\/\/artkiy.com.tr\/tr\/get-in-touch\/","title":{"rendered":"Get In Touch"},"content":{"rendered":"<div data-elementor-type=\"wp-page\" data-elementor-id=\"481\" class=\"elementor elementor-481\">\n\t\t\t\t<div class=\"eltdf-row-with-borders eltdf-row-borders-left-right\"><div class=\"eltdf-row-border-top\" ><\/div><div class=\"eltdf-row-border-bottom\" ><\/div><div class=\"eltdf-row-border-left\" style=\"left:110px\"><\/div><div class=\"eltdf-row-border-right\" style=\"right:110px\"><\/div>\t\t<section class=\"elementor-section elementor-top-section elementor-element elementor-element-6f9fe09b elementor-section-full_width elementor-section-height-default elementor-section-height-default eltdf-parallax-row-no eltdf-content-aligment-left eltdf-elementor-row-grid-no eltdf-disabled-bg-image-bellow-no\" data-id=\"6f9fe09b\" data-element_type=\"section\" data-settings=\"{&quot;background_background&quot;:&quot;classic&quot;}\">\n\t\t\t\t\t\t<div class=\"elementor-container elementor-column-gap-default\">\n\t\t\t\t\t<div class=\"elementor-column elementor-col-50 elementor-top-column elementor-element elementor-element-12b927c2\" data-id=\"12b927c2\" data-element_type=\"column\" data-settings=\"{&quot;background_background&quot;:&quot;classic&quot;}\">\n\t\t\t<div class=\"elementor-widget-wrap elementor-element-populated\">\n\t\t\t\t\t\t<div class=\"elementor-element elementor-element-2f720e9 elementor-widget elementor-widget-eltdf_custom_font\" data-id=\"2f720e9\" data-element_type=\"widget\" data-widget_type=\"eltdf_custom_font.default\">\n\t\t\t\t<div class=\"elementor-widget-container\">\n\t\t\t\t\t<h1 class=\"eltdf-custom-font-holder  eltdf-cf-2632\" style=\"font-family: Old Standard TT;font-size: 60px;line-height: 48px;font-weight: 400;font-style: normal;letter-spacing: -0.1px;color: #FFFFFF\" data-item-class=\"eltdf-cf-2632\">\n\tCape Town<\/h1>\t\t\t\t<\/div>\n\t\t\t\t<\/div>\n\t\t\t\t<div class=\"elementor-element elementor-element-7fa6601 elementor-widget__width-initial elementor-widget elementor-widget-text-editor\" data-id=\"7fa6601\" data-element_type=\"widget\" data-widget_type=\"text-editor.default\">\n\t\t\t\t<div class=\"elementor-widget-container\">\n\t\t\t\t\t\t\t\t\t<a style=\"color: #ffffff;\"href=\"https:\/\/www.google.com\/maps\" target=\"_blank\" rel=\"noopener\">Hertzog Blvd 132<\/a>\n<a style=\"color: #ffffff;\"href=\"https:\/\/www.google.com\/maps\" target=\"_blank\" rel=\"noopener\">8001, South Africa<\/a>\n<span style=\"color: #ffffff;\">Ph: <a style=\"color: #ffffff;\" href=\"tel: +2712344567\">+27 1234 45 67<\/a> <\/span>\t\t\t\t\t\t\t\t<\/div>\n\t\t\t\t<\/div>\n\t\t\t\t\t<\/div>\n\t\t<\/div>\n\t\t\t\t<div class=\"elementor-column elementor-col-50 elementor-top-column elementor-element elementor-element-55c2cf3\" data-id=\"55c2cf3\" data-element_type=\"column\" data-settings=\"{&quot;background_background&quot;:&quot;classic&quot;}\">\n\t\t\t<div class=\"elementor-widget-wrap elementor-element-populated\">\n\t\t\t\t\t\t<div class=\"elementor-element elementor-element-28fcd30 elementor-widget elementor-widget-eltdf_custom_font\" data-id=\"28fcd30\" data-element_type=\"widget\" data-widget_type=\"eltdf_custom_font.default\">\n\t\t\t\t<div class=\"elementor-widget-container\">\n\t\t\t\t\t<h1 class=\"eltdf-custom-font-holder  eltdf-cf-4861\" style=\"font-family: Old Standard TT;font-size: 60px;line-height: 48px;font-weight: 400;font-style: normal;letter-spacing: -0.1px;color: #FFFFFF\" data-item-class=\"eltdf-cf-4861\">\n\tS\u00e3o Paulo<\/h1>\t\t\t\t<\/div>\n\t\t\t\t<\/div>\n\t\t\t\t<div class=\"elementor-element elementor-element-b64bf99 elementor-widget__width-initial elementor-widget elementor-widget-text-editor\" data-id=\"b64bf99\" data-element_type=\"widget\" data-widget_type=\"text-editor.default\">\n\t\t\t\t<div class=\"elementor-widget-container\">\n\t\t\t\t\t\t\t\t\t<a style=\"color: #ffffff;\"href=\"https:\/\/www.google.com\/maps\" target=\"_blank\" rel=\"noopener\">Lu\u00eds Carlos Avenue, 11<\/a>\n<a style=\"color: #ffffff;\"href=\"https:\/\/www.google.com\/maps\" target=\"_blank\" rel=\"noopener\">13010-111, Brazil<\/a>\n<span style=\"color: #ffffff;\">Ph: <a style=\"color: #ffffff;\" href=\"tel:+5512345528\">+55 1234 55 28<\/a>\n<\/span>\t\t\t\t\t\t\t\t<\/div>\n\t\t\t\t<\/div>\n\t\t\t\t\t<\/div>\n\t\t<\/div>\n\t\t\t\t\t<\/div>\n\t\t<\/section>\n\t\t<\/div><div class=\"eltdf-row-with-borders eltdf-row-borders-left-right\"><div class=\"eltdf-row-border-top\" style=\"background-color:#ECE8E5\"><\/div><div class=\"eltdf-row-border-bottom\" style=\"background-color:#ECE8E5\"><\/div><div class=\"eltdf-row-border-left\" style=\"background-color:#ECE8E5;left:110px\"><\/div><div class=\"eltdf-row-border-right\" style=\"background-color:#ECE8E5;right:110px\"><\/div>\t\t<section class=\"elementor-section elementor-top-section elementor-element elementor-element-2e36085 elementor-section-full_width eltdf-elementor-row-grid-section elementor-section-height-default elementor-section-height-default eltdf-parallax-row-no eltdf-content-aligment-left eltdf-disabled-bg-image-bellow-no\" data-id=\"2e36085\" data-element_type=\"section\" data-settings=\"{&quot;background_background&quot;:&quot;classic&quot;}\">\n\t\t\t\t\t\t<div class=\"elementor-container elementor-column-gap-default\">\n\t\t\t\t\t<div class=\"elementor-column elementor-col-50 elementor-top-column elementor-element elementor-element-aefcc05\" data-id=\"aefcc05\" data-element_type=\"column\">\n\t\t\t<div class=\"elementor-widget-wrap elementor-element-populated\">\n\t\t\t\t\t\t<div class=\"elementor-element elementor-element-9e33257 elementor-widget__width-initial elementor-widget elementor-widget-eltdf_section_title\" data-id=\"9e33257\" data-element_type=\"widget\" data-widget_type=\"eltdf_section_title.default\">\n\t\t\t\t<div class=\"elementor-widget-container\">\n\t\t\t\t\t<div class=\"eltdf-section-title-holder  eltdf-st-standard eltdf-st-title-left eltdf-st-normal-space\" >\n\t<div class=\"eltdf-st-inner\">\n\t\t\n        \t\t\t<h6 class=\"eltdf-st-subtitle\" >\n\t\t\t\t\u0130leti\u015fim\t\t\t<\/h6>\n\t\t\n\t\t\t\t\t<h1 class=\"eltdf-st-title\" >\n\t\t\t\t<span>\n\t\t\t\tHello, Ol\u00e1<br \/> Molo\t\t\t\t<\/span>\n\t\t\t<\/h1>\n\t\t\t\t\t\t\t<p class=\"eltdf-st-text\" >\n\t\t\t\tAamet, consectetur adipiscing elit tellus vitae condimentum. \nVero pietas dolor dus egestas, libero.\t\t\t<\/p>\n\t\t\t<\/div>\n<\/div>\t\t\t\t<\/div>\n\t\t\t\t<\/div>\n\t\t\t\t\t<\/div>\n\t\t<\/div>\n\t\t\t\t<div class=\"elementor-column elementor-col-50 elementor-top-column elementor-element elementor-element-08176c6\" data-id=\"08176c6\" data-element_type=\"column\">\n\t\t\t<div class=\"elementor-widget-wrap elementor-element-populated\">\n\t\t\t\t\t\t<div class=\"elementor-element elementor-element-e6c1852 elementor-widget elementor-widget-wp-widget-eltdf_contact_form_7_widget\" data-id=\"e6c1852\" data-element_type=\"widget\" data-widget_type=\"wp-widget-eltdf_contact_form_7_widget.default\">\n\t\t\t\t<div class=\"elementor-widget-container\">\n\t\t\t\t\t\t\t<div class=\"widget eltdf-contact-form-7-widget\" >\n\t\t\t\t\t\t\n<div class=\"wpcf7 no-js\" id=\"wpcf7-f314-o1\" lang=\"en-US\" dir=\"ltr\" data-wpcf7-id=\"314\">\n<div class=\"screen-reader-response\"><p role=\"status\" aria-live=\"polite\" aria-atomic=\"true\"><\/p> <ul><\/ul><\/div>\n<form action=\"\/tr\/wp-json\/wp\/v2\/pages\/481#wpcf7-f314-o1\" method=\"post\" class=\"wpcf7-form init\" aria-label=\"Contact form\" novalidate=\"novalidate\" data-status=\"init\" data-trp-original-action=\"\/tr\/wp-json\/wp\/v2\/pages\/481#wpcf7-f314-o1\">\n<fieldset class=\"hidden-fields-container\"><input type=\"hidden\" name=\"_wpcf7\" value=\"314\" \/><input type=\"hidden\" name=\"_wpcf7_version\" value=\"6.1.3\" \/><input type=\"hidden\" name=\"_wpcf7_locale\" value=\"en_US\" \/><input type=\"hidden\" name=\"_wpcf7_unit_tag\" value=\"wpcf7-f314-o1\" \/><input type=\"hidden\" name=\"_wpcf7_container_post\" value=\"0\" \/><input type=\"hidden\" name=\"_wpcf7_posted_data_hash\" value=\"\" \/><input type=\"hidden\" name=\"_wpcf7_recaptcha_response\" value=\"\" \/>\n<\/fieldset>\n<div class=\"eltdf-grid-row eltdf-grid-normal-gutter\">\n<div class=\"eltdf-grid-col-12\">\n <span class=\"wpcf7-form-control-wrap\" data-name=\"your-name\"><input size=\"40\" maxlength=\"400\" class=\"wpcf7-form-control wpcf7-text wpcf7-validates-as-required\" aria-required=\"true\" aria-invalid=\"false\" placeholder=\"Ad\u0131n\u0131z\" value=\"\" type=\"text\" name=\"your-name\" \/><\/span>\n<\/div>\n<div class=\"eltdf-grid-col-12\">\n <span class=\"wpcf7-form-control-wrap\" data-name=\"your-email\"><input size=\"40\" maxlength=\"400\" class=\"wpcf7-form-control wpcf7-email wpcf7-validates-as-required wpcf7-text wpcf7-validates-as-email\" aria-required=\"true\" aria-invalid=\"false\" placeholder=\"E-posta\" value=\"\" type=\"email\" name=\"your-email\" \/><\/span>\n<\/div>\n\n<\/div>\n\n<span class=\"wpcf7-form-control-wrap\" data-name=\"your-message\"><textarea cols=\"40\" rows=\"10\" maxlength=\"2000\" class=\"wpcf7-form-control wpcf7-textarea\" aria-invalid=\"false\" placeholder=\"Mesaj\" name=\"your-message\"><\/textarea><\/span>\n <div class=\"eltdf-grid-row eltdf-grid-normal-gutter eltdf-right-button\" style=\"margin: 1px auto 0; float: right;\">\n<input class=\"wpcf7-form-control wpcf7-submit has-spinner\" type=\"submit\" value=\"G\u00f6nder\" \/>\n<\/div><div class=\"wpcf7-response-output\" aria-hidden=\"true\"><\/div>\n<input type=\"hidden\" name=\"trp-form-language\" value=\"tr\"\/><\/form>\n<\/div>\n\t\t<\/div>\n\t\t\t\t\t\t<\/div>\n\t\t\t\t<\/div>\n\t\t\t\t\t<\/div>\n\t\t<\/div>\n\t\t\t\t\t<\/div>\n\t\t<\/section>\n\t\t<\/div>\t\t<\/div>","protected":false},"excerpt":{"rendered":"<p>Cape Town Hertzog Blvd 132 8001, South Africa Ph: +27 1234 45 67 S\u00e3o Paulo Lu\u00eds Carlos Avenue, 11 13010-111, Brazil Ph: +55 1234 55 28 Contact Hello, Ol\u00e1 Molo Aamet, consectetur adipiscing elit tellus vitae condimentum. Vero pietas dolor [&hellip;]<\/p>","protected":false},"author":1,"featured_media":0,"parent":0,"menu_order":0,"comment_status":"closed","ping_status":"closed","template":"elementor_header_footer","meta":{"footnotes":""},"class_list":["post-481","page","type-page","status-publish","hentry"],"_links":{"self":[{"href":"https:\/\/artkiy.com.tr\/tr\/wp-json\/wp\/v2\/pages\/481","targetHints":{"allow":["GET"]}}],"collection":[{"href":"https:\/\/artkiy.com.tr\/tr\/wp-json\/wp\/v2\/pages"}],"about":[{"href":"https:\/\/artkiy.com.tr\/tr\/wp-json\/wp\/v2\/types\/page"}],"author":[{"embeddable":true,"href":"https:\/\/artkiy.com.tr\/tr\/wp-json\/wp\/v2\/users\/1"}],"replies":[{"embeddable":true,"href":"https:\/\/artkiy.com.tr\/tr\/wp-json\/wp\/v2\/comments?post=481"}],"version-history":[{"count":0,"href":"https:\/\/artkiy.com.tr\/tr\/wp-json\/wp\/v2\/pages\/481\/revisions"}],"wp:attachment":[{"href":"https:\/\/artkiy.com.tr\/tr\/wp-json\/wp\/v2\/media?parent=481"}],"curies":[{"name":"wp","href":"https:\/\/api.w.org\/{rel}","templated":true}]}}