{"id":10881,"date":"2024-10-29T17:43:21","date_gmt":"2024-10-29T14:43:21","guid":{"rendered":"https:\/\/artkiy.com.tr\/?page_id=10881"},"modified":"2024-11-01T05:12:01","modified_gmt":"2024-11-01T02:12:01","slug":"privacy-policy","status":"publish","type":"page","link":"https:\/\/artkiy.com.tr\/tr\/privacy-policy\/","title":{"rendered":"Gizlilik Politikas\u0131"},"content":{"rendered":"<div data-elementor-type=\"wp-page\" data-elementor-id=\"10881\" class=\"elementor elementor-10881\">\n\t\t\t\t<div class=\"eltdf-row-with-borders eltdf-row-borders-left-right\"><div class=\"eltdf-row-border-top\" ><\/div><div class=\"eltdf-row-border-bottom\" ><\/div><div class=\"eltdf-row-border-left\" style=\"left:124px\"><\/div><div class=\"eltdf-row-border-right\" style=\"right:124px\"><\/div>\t\t<section class=\"elementor-section elementor-top-section elementor-element elementor-element-ae102d2 elementor-section-full_width elementor-section-height-default elementor-section-height-default eltdf-parallax-row-no eltdf-content-aligment-left eltdf-elementor-row-grid-no eltdf-disabled-bg-image-bellow-no\" data-id=\"ae102d2\" data-element_type=\"section\">\n\t\t\t\t\t\t<div class=\"elementor-container elementor-column-gap-default\">\n\t\t\t\t\t<div class=\"elementor-column elementor-col-100 elementor-top-column elementor-element elementor-element-824f5ad\" data-id=\"824f5ad\" data-element_type=\"column\">\n\t\t\t<div class=\"elementor-widget-wrap elementor-element-populated\">\n\t\t\t\t\t\t<div class=\"elementor-element elementor-element-e885a18 elementor-widget elementor-widget-slider_revolution\" data-id=\"e885a18\" data-element_type=\"widget\" data-widget_type=\"slider_revolution.default\">\n\t\t\t\t<div class=\"elementor-widget-container\">\n\t\t\t\t\t\n\t\t<div class=\"wp-block-themepunch-revslider\">\n\t\t\t<!-- START Privacy Policy REVOLUTION SLIDER 6.7.36 --><p class=\"rs-p-wp-fix\"><\/p>\n\t\t\t<rs-module-wrap id=\"rev_slider_16_1_wrapper\" data-source=\"gallery\" style=\"visibility:hidden;background:transparent;padding:0;margin:0px auto;margin-top:0;margin-bottom:0;\">\n\t\t\t\t<rs-module id=\"rev_slider_16_1\" style=\"\" data-version=\"6.7.36\">\n\t\t\t\t\t<rs-slides style=\"overflow: hidden; position: absolute;\">\n\t\t\t\t\t\t<rs-slide style=\"position: absolute;\" data-key=\"rs-29\" data-title=\"Slide\" data-anim=\"adpr:false;\" data-in=\"o:0;\" data-out=\"a:false;\">\n\t\t\t\t\t\t\t<img fetchpriority=\"high\" decoding=\"async\" src=\"\/\/artkiy.com.tr\/wp-content\/plugins\/revslider\/sr6\/assets\/assets\/dummy.png\" alt=\"\" title=\"Group 402\" width=\"1920\" height=\"638\" class=\"rev-slidebg tp-rs-img rs-lazyload\" data-lazyload=\"\/\/artkiy.com.tr\/wp-content\/uploads\/2024\/09\/Group-402.png\" data-no-retina>\n<!--\n\t\t\t\t\t\t\t--><rs-layer\n\t\t\t\t\t\t\t\tid=\"slider-16-slide-29-layer-4\" \n\t\t\t\t\t\t\t\tdata-type=\"image\"\n\t\t\t\t\t\t\t\tdata-xy=\"x:c;xo:-62px,-62px,-62px,-61px;y:m;yo:-6px,-6px,-6px,-18px;\"\n\t\t\t\t\t\t\t\tdata-text=\"l:22;a:inherit;\"\n\t\t\t\t\t\t\t\tdata-dim=\"w:2091px,2091px,2885px,2885px;h:695px,695px,959px,959px;\"\n\t\t\t\t\t\t\t\tdata-basealign=\"slide\"\n\t\t\t\t\t\t\t\tdata-rsp_o=\"off\"\n\t\t\t\t\t\t\t\tdata-rsp_bd=\"off\"\n\t\t\t\t\t\t\t\tdata-frame_1=\"st:500;sp:1200;sR:500;\"\n\t\t\t\t\t\t\t\tdata-frame_999=\"o:0;st:w;sR:1300;\"\n\t\t\t\t\t\t\t\tstyle=\"z-index:5;cursor:pointer;\"\n\t\t\t\t\t\t\t><img decoding=\"async\" src=\"\/\/artkiy.com.tr\/wp-content\/plugins\/revslider\/sr6\/assets\/assets\/dummy.png\" alt=\"\" class=\"tp-rs-img rs-lazyload\" data-lazyload=\"\/\/sahel.qodeinteractive.com\/wp-content\/uploads\/2018\/07\/home7-slider-overlay.png\" data-no-retina> \n\t\t\t\t\t\t\t<\/rs-layer><!--\n\n\t\t\t\t\t\t\t--><rs-layer\n\t\t\t\t\t\t\t\tid=\"slider-16-slide-29-layer-5\" \n\t\t\t\t\t\t\t\tdata-type=\"text\"\n\t\t\t\t\t\t\t\tdata-rsp_ch=\"on\"\n\t\t\t\t\t\t\t\tdata-xy=\"x:c;y:m;yo:21px,19px,-9px,-10px;\"\n\t\t\t\t\t\t\t\tdata-text=\"w:nowrap,nowrap,nowrap,normal;s:60;l:120,120,120,88;a:inherit,inherit,inherit,center;\"\n\t\t\t\t\t\t\t\tdata-dim=\"w:auto,auto,auto,405px;\"\n\t\t\t\t\t\t\t\tdata-frame_0=\"y:50px;\"\n\t\t\t\t\t\t\t\tdata-frame_1=\"st:600;sp:800;sR:600;\"\n\t\t\t\t\t\t\t\tdata-frame_999=\"o:0;st:w;sR:1600;\"\n\t\t\t\t\t\t\t\tstyle=\"z-index:6;font-family:'Old Standard TT';cursor:pointer;\"\n\t\t\t\t\t\t\t>Gizlilik Politikas\u0131 \n\t\t\t\t\t\t\t<\/rs-layer><!--\n-->\t\t\t\t\t<\/rs-slide>\n\t\t\t\t\t<\/rs-slides>\n\t\t\t\t<\/rs-module>\n\t\t\t\t<script>\n\t\t\t\t\tsetREVStartSize({c: 'rev_slider_16_1',rl:[1240,1024,778,480],el:[632,550,650,700],gw:[1920,1441,778,480],gh:[632,550,650,700],type:'standard',justify:'',layout:'fullwidth',mh:\"0\"});if (window.RS_MODULES!==undefined && window.RS_MODULES.modules!==undefined && window.RS_MODULES.modules[\"revslider161\"]!==undefined) {window.RS_MODULES.modules[\"revslider161\"].once = false;window.revapi16 = undefined;if (window.RS_MODULES.checkMinimal!==undefined) window.RS_MODULES.checkMinimal()}\n\t\t\t\t<\/script>\n\t\t\t<\/rs-module-wrap>\n\t\t\t<!-- END REVOLUTION SLIDER -->\n<\/div>\n\n\t\t\t\t\t\t<\/div>\n\t\t\t\t<\/div>\n\t\t\t\t\t<\/div>\n\t\t<\/div>\n\t\t\t\t\t<\/div>\n\t\t<\/section>\n\t\t<\/div><div class=\"eltdf-row-with-borders eltdf-row-borders-left-right\"><div class=\"eltdf-row-border-top\" ><\/div><div class=\"eltdf-row-border-bottom\" ><\/div><div class=\"eltdf-row-border-left\" style=\"left:124px\"><\/div><div class=\"eltdf-row-border-right\" style=\"right:124px\"><\/div>\t\t<section class=\"elementor-section elementor-top-section elementor-element elementor-element-51d0058 eltdf-elementor-row-grid-section elementor-section-full_width elementor-section-height-default elementor-section-height-default eltdf-parallax-row-no eltdf-content-aligment-left eltdf-disabled-bg-image-bellow-no\" data-id=\"51d0058\" data-element_type=\"section\" data-settings=\"{&quot;background_background&quot;:&quot;classic&quot;}\">\n\t\t\t\t\t\t<div class=\"elementor-container elementor-column-gap-default\">\n\t\t\t\t\t<div class=\"elementor-column elementor-col-100 elementor-top-column elementor-element elementor-element-c7265e4\" data-id=\"c7265e4\" data-element_type=\"column\">\n\t\t\t<div class=\"elementor-widget-wrap elementor-element-populated\">\n\t\t\t\t\t\t<div class=\"elementor-element elementor-element-45e079a elementor-widget__width-initial elementor-widget elementor-widget-eltdf_section_title\" data-id=\"45e079a\" data-element_type=\"widget\" data-widget_type=\"eltdf_section_title.default\">\n\t\t\t\t<div class=\"elementor-widget-container\">\n\t\t\t\t\t<div class=\"eltdf-section-title-holder  eltdf-st-standard eltdf-st-title-left eltdf-st-normal-space\" style=\"text-align: left\">\n\t<div class=\"eltdf-st-inner\">\n\t\t\n        \t\t\t<p class=\"eltdf-st-subtitle\" style=\"color: #9D9D9D\">\n\t\t\t\tGizlilik Politikas\u0131\t\t\t<\/p>\n\t\t\n\t\t\t\t\t<\/div>\n<\/div>\t\t\t\t<\/div>\n\t\t\t\t<\/div>\n\t\t\t\t<div class=\"elementor-element elementor-element-605e0d1 elementor-widget elementor-widget-text-editor\" data-id=\"605e0d1\" data-element_type=\"widget\" data-widget_type=\"text-editor.default\">\n\t\t\t\t<div class=\"elementor-widget-container\">\n\t\t\t\t\t\t\t\t\t<p>Artk\u0131y Deri \u00dcr\u00fcnleri olarak gizlili\u011finize sayg\u0131 duyuyor ve ki\u015fisel bilgilerinizin korunmas\u0131na b\u00fcy\u00fck \u00f6nem veriyoruz. Bu Gizlilik Politikas\u0131, web sitemizle etkile\u015fimde bulundu\u011funuzda hangi bilgileri toplad\u0131\u011f\u0131m\u0131z\u0131, bu bilgileri nas\u0131l kulland\u0131\u011f\u0131m\u0131z\u0131 ve korudu\u011fumuzu a\u00e7\u0131klamaktad\u0131r.<\/p><ol><li><strong> Toplad\u0131\u011f\u0131m\u0131z Bilgiler<\/strong><\/li><\/ol><p>\u015eu durumlarda ki\u015fisel bilgilerinizi toplayabiliriz:<\/p><ul><li>\u2022 Bize sa\u011flanan formlar veya e-posta yoluyla ileti\u015fim kurdu\u011funuzda<\/li><li>\u2022 B\u00fcltenlerimize veya g\u00fcncellemelerimize abone oldu\u011funuzda<\/li><li>\u2022 Web sitemizi gezdi\u011finizde (IP adresi, taray\u0131c\u0131 bilgileri)<\/li><\/ul><p>Toplanan veriler, ad\u0131n\u0131z, e-posta adresiniz, telefon numaran\u0131z ve g\u00f6n\u00fcll\u00fc olarak sa\u011flad\u0131\u011f\u0131n\u0131z di\u011fer bilgileri i\u00e7erebilir.<\/p><ol start=\"2\"><li><strong> Bilgilerinizi Nas\u0131l Kullan\u0131r\u0131z<\/strong><\/li><\/ol><p>Toplad\u0131\u011f\u0131m\u0131z bilgileri \u015fu ama\u00e7larla kullan\u0131r\u0131z:<\/p><ul><li>\u2022 Sorular\u0131n\u0131za yan\u0131t vermek ve m\u00fc\u015fteri deste\u011fi sa\u011flamak<\/li><li>\u2022 Web sitemizi ve kullan\u0131c\u0131 deneyiminizi iyile\u015ftirmek<\/li><li>\u2022 \u0130ste\u011fe ba\u011fl\u0131 olarak g\u00fcncellemeler veya promosyon i\u00e7erikleri g\u00f6ndermek<\/li><\/ul><p>Ki\u015fisel bilgilerinizi, yaln\u0131zca yasal gereklilikler veya web sitemizin y\u00f6netimi i\u00e7in gerekli oldu\u011fu durumlar d\u0131\u015f\u0131nda (\u00f6r. web bar\u0131nd\u0131rma sa\u011flay\u0131c\u0131lar\u0131) \u00fc\u00e7\u00fcnc\u00fc \u015fah\u0131slarla payla\u015fmay\u0131z.<\/p><ol start=\"3\"><li><strong> Veri G\u00fcvenli\u011fi<\/strong><\/li><\/ol><p>Ki\u015fisel verilerinizin yetkisiz eri\u015fim veya k\u00f6t\u00fcye kullan\u0131ma kar\u015f\u0131 korunmas\u0131n\u0131 sa\u011flamak i\u00e7in makul \u00f6nlemler al\u0131yoruz. Ancak, internet \u00fczerinden yap\u0131lan hi\u00e7bir iletim y\u00f6ntemi tamamen g\u00fcvenli de\u011fildir ve verilerinizin mutlak g\u00fcvenli\u011fini garanti edemeyiz.<\/p><ol start=\"4\"><li><strong> Haklar\u0131n\u0131z<\/strong><\/li><\/ol><p>A\u015fa\u011f\u0131daki haklara sahipsiniz:<\/p><ul><li>\u2022 Sizinle ilgili tuttu\u011fumuz ki\u015fisel verilere eri\u015fim talep etmek<\/li><li>\u2022 Verilerinizin d\u00fczeltilmesini veya silinmesini talep etmek<\/li><li>\u2022 Pazarlama ileti\u015fimlerinden diledi\u011finiz zaman \u00e7\u0131kmak<\/li><\/ul><p>Haklar\u0131n\u0131z\u0131 kullanmak i\u00e7in l\u00fctfen bizimle info@artkiy.com.tr adresinden ileti\u015fime ge\u00e7in.<\/p><ol start=\"5\"><li><strong> Bu Gizlilik Politikas\u0131ndaki De\u011fi\u015fiklikler<\/strong><\/li><\/ol><p>Bu Gizlilik Politikas\u0131'n\u0131 g\u00fcncelleme hakk\u0131n\u0131 sakl\u0131 tutar\u0131z. Yap\u0131lan de\u011fi\u015fiklikler bu sayfada yay\u0131nlanacakt\u0131r ve web sitesini kullanmaya devam etmeniz bu de\u011fi\u015fiklikleri kabul etti\u011finiz anlam\u0131na gelir.<\/p>\t\t\t\t\t\t\t\t<\/div>\n\t\t\t\t<\/div>\n\t\t\t\t\t<\/div>\n\t\t<\/div>\n\t\t\t\t\t<\/div>\n\t\t<\/section>\n\t\t<\/div><div class=\"eltdf-row-with-borders eltdf-row-borders-all-overflow\"><div class=\"eltdf-row-border-top\" style=\"background-color:#ECE8E5\"><\/div><div class=\"eltdf-row-border-bottom\" style=\"background-color:#ECE8E5\"><\/div><div class=\"eltdf-row-border-left\" style=\"background-color:#ECE8E5;left:124px\"><\/div><div class=\"eltdf-row-border-right\" style=\"background-color:#ECE8E5;right:124px\"><\/div>\t\t<section class=\"elementor-section elementor-top-section elementor-element elementor-element-d4bf0cd elementor-section-full_width eltdf-elementor-row-grid-section elementor-section-height-default elementor-section-height-default eltdf-parallax-row-no eltdf-content-aligment-left eltdf-disabled-bg-image-bellow-no\" data-id=\"d4bf0cd\" data-element_type=\"section\" data-settings=\"{&quot;background_background&quot;:&quot;classic&quot;}\">\n\t\t\t\t\t\t<div class=\"elementor-container elementor-column-gap-default\">\n\t\t\t\t\t<div class=\"elementor-column elementor-col-33 elementor-top-column elementor-element elementor-element-9d62b6a\" data-id=\"9d62b6a\" data-element_type=\"column\">\n\t\t\t<div class=\"elementor-widget-wrap elementor-element-populated\">\n\t\t\t\t\t\t<div class=\"elementor-element elementor-element-786b0c6 elementor-widget elementor-widget-image\" data-id=\"786b0c6\" data-element_type=\"widget\" data-widget_type=\"image.default\">\n\t\t\t\t<div class=\"elementor-widget-container\">\n\t\t\t\t\t\t\t\t\t\t\t\t\t\t\t<img decoding=\"async\" width=\"181\" height=\"61\" src=\"https:\/\/artkiy.com.tr\/wp-content\/uploads\/2024\/09\/artkiy-logo.png\" class=\"attachment-large size-large wp-image-9873\" alt=\"\" \/>\t\t\t\t\t\t\t\t\t\t\t\t\t\t\t<\/div>\n\t\t\t\t<\/div>\n\t\t\t\t\t<\/div>\n\t\t<\/div>\n\t\t\t\t<div class=\"elementor-column elementor-col-33 elementor-top-column elementor-element elementor-element-0d6795d\" data-id=\"0d6795d\" data-element_type=\"column\">\n\t\t\t<div class=\"elementor-widget-wrap elementor-element-populated\">\n\t\t\t\t<div class=\"elementor-element elementor-element-cbebd37 e-grid e-con-boxed e-con e-parent\" data-id=\"cbebd37\" data-element_type=\"container\">\n\t\t\t\t\t<div class=\"e-con-inner\">\n\t\t\t\t<div class=\"elementor-element elementor-element-c0e1440 elementor-widget elementor-widget-text-editor\" data-id=\"c0e1440\" data-element_type=\"widget\" data-widget_type=\"text-editor.default\">\n\t\t\t\t<div class=\"elementor-widget-container\">\n\t\t\t\t\t\t\t\t\t<p><a href=\"https:\/\/artkiy.com.tr\/tr\/about-us\/\">HAKKIMIZDA<\/a><\/p>\t\t\t\t\t\t\t\t<\/div>\n\t\t\t\t<\/div>\n\t\t\t\t<div class=\"elementor-element elementor-element-6a7c5ac elementor-widget elementor-widget-text-editor\" data-id=\"6a7c5ac\" data-element_type=\"widget\" data-widget_type=\"text-editor.default\">\n\t\t\t\t<div class=\"elementor-widget-container\">\n\t\t\t\t\t\t\t\t\t<p><a href=\"https:\/\/artkiy.com.tr\/tr\/services\/\">SERV\u0130SLER\u0130M\u0130Z<\/a><\/p>\t\t\t\t\t\t\t\t<\/div>\n\t\t\t\t<\/div>\n\t\t\t\t<div class=\"elementor-element elementor-element-63d04f9 elementor-widget elementor-widget-text-editor\" data-id=\"63d04f9\" data-element_type=\"widget\" data-widget_type=\"text-editor.default\">\n\t\t\t\t<div class=\"elementor-widget-container\">\n\t\t\t\t\t\t\t\t\t<p><a href=\"https:\/\/artkiy.com.tr\/tr\/sustainability\/\">S\u00dcRD\u00dcR\u00dcLEB\u0130L\u0130RL\u0130K<\/a><\/p>\t\t\t\t\t\t\t\t<\/div>\n\t\t\t\t<\/div>\n\t\t\t\t<div class=\"elementor-element elementor-element-e9a733c elementor-widget elementor-widget-text-editor\" data-id=\"e9a733c\" data-element_type=\"widget\" data-widget_type=\"text-editor.default\">\n\t\t\t\t<div class=\"elementor-widget-container\">\n\t\t\t\t\t\t\t\t\t<p><a href=\"https:\/\/artkiy.com.tr\/tr\/contact\/\">\u0130LET\u0130\u015e\u0130M<\/a><\/p>\t\t\t\t\t\t\t\t<\/div>\n\t\t\t\t<\/div>\n\t\t\t\t\t<\/div>\n\t\t\t\t<\/div>\n\t\t\t\t<div class=\"elementor-element elementor-element-5beaada elementor-widget-divider--view-line elementor-widget elementor-widget-divider\" data-id=\"5beaada\" data-element_type=\"widget\" data-widget_type=\"divider.default\">\n\t\t\t\t<div class=\"elementor-widget-container\">\n\t\t\t\t\t\t\t<div class=\"elementor-divider\">\n\t\t\t<span class=\"elementor-divider-separator\">\n\t\t\t\t\t\t<\/span>\n\t\t<\/div>\n\t\t\t\t\t\t<\/div>\n\t\t\t\t<\/div>\n\t\t<div class=\"elementor-element elementor-element-f006308 e-grid e-con-boxed e-con e-parent\" data-id=\"f006308\" data-element_type=\"container\">\n\t\t\t\t\t<div class=\"e-con-inner\">\n\t\t\t\t<div class=\"elementor-element elementor-element-ff9656a elementor-widget elementor-widget-text-editor\" data-id=\"ff9656a\" data-element_type=\"widget\" data-widget_type=\"text-editor.default\">\n\t\t\t\t<div class=\"elementor-widget-container\">\n\t\t\t\t\t\t\t\t\t<p><a href=\"https:\/\/artkiy.com.tr\/tr\/privacy-policy\/\">Privacy Policies<\/a>\u00a0\/\u00a0<a href=\"https:\/\/artkiy.com.tr\/tr\/terms-conditions\/\">\u015eartlar ve Ko\u015fullar<\/a><\/p>\t\t\t\t\t\t\t\t<\/div>\n\t\t\t\t<\/div>\n\t\t\t\t\t<\/div>\n\t\t\t\t<\/div>\n\t\t\t\t\t<\/div>\n\t\t<\/div>\n\t\t\t\t<div class=\"elementor-column elementor-col-33 elementor-top-column elementor-element elementor-element-377e747\" data-id=\"377e747\" data-element_type=\"column\">\n\t\t\t<div class=\"elementor-widget-wrap elementor-element-populated\">\n\t\t\t\t<div class=\"elementor-element elementor-element-328febf e-grid e-con-boxed e-con e-parent\" data-id=\"328febf\" data-element_type=\"container\">\n\t\t\t\t\t<div class=\"e-con-inner\">\n\t\t\t\t<div class=\"elementor-element elementor-element-52fc84a elementor-widget elementor-widget-image\" data-id=\"52fc84a\" data-element_type=\"widget\" data-widget_type=\"image.default\">\n\t\t\t\t<div class=\"elementor-widget-container\">\n\t\t\t\t\t\t\t\t\t\t\t\t\t\t\t\t<a href=\"https:\/\/www.instagram.com\/artkiyleathergoods\/\">\n\t\t\t\t\t\t\t<img decoding=\"async\" width=\"200\" height=\"200\" src=\"https:\/\/artkiy.com.tr\/wp-content\/uploads\/2024\/09\/ig.svg\" class=\"attachment-large size-large wp-image-9990\" alt=\"\" \/>\t\t\t\t\t\t\t\t<\/a>\n\t\t\t\t\t\t\t\t\t\t\t\t\t\t\t<\/div>\n\t\t\t\t<\/div>\n\t\t\t\t<div class=\"elementor-element elementor-element-2c71269 elementor-widget elementor-widget-image\" data-id=\"2c71269\" data-element_type=\"widget\" data-widget_type=\"image.default\">\n\t\t\t\t<div class=\"elementor-widget-container\">\n\t\t\t\t\t\t\t\t\t\t\t\t\t\t\t\t<a href=\"https:\/\/www.linkedin.com\/company\/artkiy-leathergoods\/\">\n\t\t\t\t\t\t\t<img loading=\"lazy\" decoding=\"async\" width=\"200\" height=\"200\" src=\"https:\/\/artkiy.com.tr\/wp-content\/uploads\/2024\/09\/Vector.svg\" class=\"attachment-large size-large wp-image-9992\" alt=\"\" \/>\t\t\t\t\t\t\t\t<\/a>\n\t\t\t\t\t\t\t\t\t\t\t\t\t\t\t<\/div>\n\t\t\t\t<\/div>\n\t\t\t\t\t<\/div>\n\t\t\t\t<\/div>\n\t\t\t\t\t<\/div>\n\t\t<\/div>\n\t\t\t\t\t<\/div>\n\t\t<\/section>\n\t\t<\/div>\t\t<\/div>","protected":false},"excerpt":{"rendered":"<p>Privacy Policy At Artk\u0131y Leather Goods, we respect your privacy and are committed to protecting your personal information. This Privacy Policy outlines how we collect, use, and protect your data when you interact with our website. Information We Collect We [&hellip;]<\/p>","protected":false},"author":1,"featured_media":0,"parent":0,"menu_order":0,"comment_status":"closed","ping_status":"closed","template":"full-width.php","meta":{"footnotes":""},"class_list":["post-10881","page","type-page","status-publish","hentry"],"_links":{"self":[{"href":"https:\/\/artkiy.com.tr\/tr\/wp-json\/wp\/v2\/pages\/10881","targetHints":{"allow":["GET"]}}],"collection":[{"href":"https:\/\/artkiy.com.tr\/tr\/wp-json\/wp\/v2\/pages"}],"about":[{"href":"https:\/\/artkiy.com.tr\/tr\/wp-json\/wp\/v2\/types\/page"}],"author":[{"embeddable":true,"href":"https:\/\/artkiy.com.tr\/tr\/wp-json\/wp\/v2\/users\/1"}],"replies":[{"embeddable":true,"href":"https:\/\/artkiy.com.tr\/tr\/wp-json\/wp\/v2\/comments?post=10881"}],"version-history":[{"count":13,"href":"https:\/\/artkiy.com.tr\/tr\/wp-json\/wp\/v2\/pages\/10881\/revisions"}],"predecessor-version":[{"id":10937,"href":"https:\/\/artkiy.com.tr\/tr\/wp-json\/wp\/v2\/pages\/10881\/revisions\/10937"}],"wp:attachment":[{"href":"https:\/\/artkiy.com.tr\/tr\/wp-json\/wp\/v2\/media?parent=10881"}],"curies":[{"name":"wp","href":"https:\/\/api.w.org\/{rel}","templated":true}]}}